{"id":102,"date":"2025-04-01T15:32:39","date_gmt":"2025-04-01T15:32:39","guid":{"rendered":"https:\/\/oasis179.shop\/?post_type=product&#038;p=102"},"modified":"2025-05-21T23:53:40","modified_gmt":"2025-05-21T23:53:40","slug":"6","status":"publish","type":"product","link":"https:\/\/oasis179.shop\/en\/product\/6\/","title":{"rendered":"En azul &#8211; Ra\u00fal Mac\u00edas"},"content":{"rendered":"<p>T\u00e9cnica mixta sobre tela.<\/p>","protected":false},"excerpt":{"rendered":"<p>T\u00e9cnica mixta sobre tela.<\/p>","protected":false},"featured_media":103,"template":"","meta":[],"product_brand":[],"product_cat":[33,30,31,20,32],"product_tag":[],"class_list":{"0":"post-102","1":"product","2":"type-product","3":"status-publish","4":"has-post-thumbnail","6":"product_cat-mixed-painting-technique","7":"product_cat-painting","8":"product_cat-pintura","9":"product_cat-raul-macias","10":"product_cat-tecnica-mixta-sobre-tela","12":"first","13":"instock","14":"taxable","15":"shipping-taxable","16":"purchasable","17":"product-type-simple"},"_links":{"self":[{"href":"https:\/\/oasis179.shop\/en\/wp-json\/wp\/v2\/product\/102","targetHints":{"allow":["GET"]}}],"collection":[{"href":"https:\/\/oasis179.shop\/en\/wp-json\/wp\/v2\/product"}],"about":[{"href":"https:\/\/oasis179.shop\/en\/wp-json\/wp\/v2\/types\/product"}],"wp:featuredmedia":[{"embeddable":true,"href":"https:\/\/oasis179.shop\/en\/wp-json\/wp\/v2\/media\/103"}],"wp:attachment":[{"href":"https:\/\/oasis179.shop\/en\/wp-json\/wp\/v2\/media?parent=102"}],"wp:term":[{"taxonomy":"product_brand","embeddable":true,"href":"https:\/\/oasis179.shop\/en\/wp-json\/wp\/v2\/product_brand?post=102"},{"taxonomy":"product_cat","embeddable":true,"href":"https:\/\/oasis179.shop\/en\/wp-json\/wp\/v2\/product_cat?post=102"},{"taxonomy":"product_tag","embeddable":true,"href":"https:\/\/oasis179.shop\/en\/wp-json\/wp\/v2\/product_tag?post=102"}],"curies":[{"name":"wp","href":"https:\/\/api.w.org\/{rel}","templated":true}]}}