{"id":116,"date":"2025-04-01T15:36:39","date_gmt":"2025-04-01T15:36:39","guid":{"rendered":"https:\/\/oasis179.shop\/?post_type=product&#038;p=116"},"modified":"2025-04-22T20:50:55","modified_gmt":"2025-04-22T20:50:55","slug":"11","status":"publish","type":"product","link":"https:\/\/oasis179.shop\/en\/product\/11\/","title":{"rendered":"Torso &#8211; Jess D\u00e1vila"},"content":{"rendered":"<p>Escultura en m\u00e1rmol de Huachinera y piedra de r\u00edo.<\/p>","protected":false},"excerpt":{"rendered":"<p>Escultura en m\u00e1rmol de Huachinera y piedra de r\u00edo.<\/p>","protected":false},"featured_media":117,"template":"","meta":[],"product_brand":[],"product_cat":[23,22,29,21],"product_tag":[],"class_list":{"0":"post-116","1":"product","2":"type-product","3":"status-publish","4":"has-post-thumbnail","6":"product_cat-huachinera-marble","7":"product_cat-jess-davila","8":"product_cat-marmol-de-huachinera","9":"product_cat-sculpture","11":"first","12":"instock","13":"taxable","14":"shipping-taxable","15":"purchasable","16":"product-type-simple"},"_links":{"self":[{"href":"https:\/\/oasis179.shop\/en\/wp-json\/wp\/v2\/product\/116","targetHints":{"allow":["GET"]}}],"collection":[{"href":"https:\/\/oasis179.shop\/en\/wp-json\/wp\/v2\/product"}],"about":[{"href":"https:\/\/oasis179.shop\/en\/wp-json\/wp\/v2\/types\/product"}],"wp:featuredmedia":[{"embeddable":true,"href":"https:\/\/oasis179.shop\/en\/wp-json\/wp\/v2\/media\/117"}],"wp:attachment":[{"href":"https:\/\/oasis179.shop\/en\/wp-json\/wp\/v2\/media?parent=116"}],"wp:term":[{"taxonomy":"product_brand","embeddable":true,"href":"https:\/\/oasis179.shop\/en\/wp-json\/wp\/v2\/product_brand?post=116"},{"taxonomy":"product_cat","embeddable":true,"href":"https:\/\/oasis179.shop\/en\/wp-json\/wp\/v2\/product_cat?post=116"},{"taxonomy":"product_tag","embeddable":true,"href":"https:\/\/oasis179.shop\/en\/wp-json\/wp\/v2\/product_tag?post=116"}],"curies":[{"name":"wp","href":"https:\/\/api.w.org\/{rel}","templated":true}]}}