{"id":118,"date":"2025-04-01T15:37:09","date_gmt":"2025-04-01T15:37:09","guid":{"rendered":"https:\/\/oasis179.shop\/?post_type=product&#038;p=118"},"modified":"2025-05-21T23:37:45","modified_gmt":"2025-05-21T23:37:45","slug":"12","status":"publish","type":"product","link":"https:\/\/oasis179.shop\/en\/product\/12\/","title":{"rendered":"F\u00f3sil &#8211; Ra\u00fal Mac\u00edas"},"content":{"rendered":"<p>\u00d3leo sobre tela.<\/p>","protected":false},"excerpt":{"rendered":"<p>\u00d3leo sobre tela.<\/p>","protected":false},"featured_media":79,"template":"","meta":[],"product_brand":[],"product_cat":[17,26,30,31,20],"product_tag":[],"class_list":{"0":"post-118","1":"product","2":"type-product","3":"status-publish","4":"has-post-thumbnail","6":"product_cat-oil-painting","7":"product_cat-oleo-sobre-tela","8":"product_cat-painting","9":"product_cat-pintura","10":"product_cat-raul-macias","12":"first","13":"outofstock","14":"taxable","15":"shipping-taxable","16":"purchasable","17":"product-type-simple"},"_links":{"self":[{"href":"https:\/\/oasis179.shop\/en\/wp-json\/wp\/v2\/product\/118","targetHints":{"allow":["GET"]}}],"collection":[{"href":"https:\/\/oasis179.shop\/en\/wp-json\/wp\/v2\/product"}],"about":[{"href":"https:\/\/oasis179.shop\/en\/wp-json\/wp\/v2\/types\/product"}],"wp:featuredmedia":[{"embeddable":true,"href":"https:\/\/oasis179.shop\/en\/wp-json\/wp\/v2\/media\/79"}],"wp:attachment":[{"href":"https:\/\/oasis179.shop\/en\/wp-json\/wp\/v2\/media?parent=118"}],"wp:term":[{"taxonomy":"product_brand","embeddable":true,"href":"https:\/\/oasis179.shop\/en\/wp-json\/wp\/v2\/product_brand?post=118"},{"taxonomy":"product_cat","embeddable":true,"href":"https:\/\/oasis179.shop\/en\/wp-json\/wp\/v2\/product_cat?post=118"},{"taxonomy":"product_tag","embeddable":true,"href":"https:\/\/oasis179.shop\/en\/wp-json\/wp\/v2\/product_tag?post=118"}],"curies":[{"name":"wp","href":"https:\/\/api.w.org\/{rel}","templated":true}]}}