{"id":229,"date":"2025-10-03T23:32:43","date_gmt":"2025-10-03T23:32:43","guid":{"rendered":"https:\/\/oasis179.shop\/?post_type=product&#038;p=229"},"modified":"2025-10-10T01:10:44","modified_gmt":"2025-10-10T01:10:44","slug":"autoretrato-benjamin-coria","status":"publish","type":"product","link":"https:\/\/oasis179.shop\/en\/product\/autoretrato-benjamin-coria\/","title":{"rendered":"Autoretrato &#8211; Benjam\u00edn Coria"},"content":{"rendered":"<p>\u00d3leo sobre tela. Sin firmar, creado en M\u00e9xico DF.<\/p>","protected":false},"excerpt":{"rendered":"<p>\u00d3leo sobre tela. Sin firmar, creado en M\u00e9xico DF.<\/p>","protected":false},"featured_media":261,"template":"","meta":[],"product_brand":[],"product_cat":[48,17,26],"product_tag":[],"class_list":{"0":"post-229","1":"product","2":"type-product","3":"status-publish","4":"has-post-thumbnail","6":"product_cat-benjamin-coria","7":"product_cat-oil-painting","8":"product_cat-oleo-sobre-tela","10":"first","11":"instock","12":"taxable","13":"shipping-taxable","14":"purchasable","15":"product-type-simple"},"_links":{"self":[{"href":"https:\/\/oasis179.shop\/en\/wp-json\/wp\/v2\/product\/229","targetHints":{"allow":["GET"]}}],"collection":[{"href":"https:\/\/oasis179.shop\/en\/wp-json\/wp\/v2\/product"}],"about":[{"href":"https:\/\/oasis179.shop\/en\/wp-json\/wp\/v2\/types\/product"}],"wp:featuredmedia":[{"embeddable":true,"href":"https:\/\/oasis179.shop\/en\/wp-json\/wp\/v2\/media\/261"}],"wp:attachment":[{"href":"https:\/\/oasis179.shop\/en\/wp-json\/wp\/v2\/media?parent=229"}],"wp:term":[{"taxonomy":"product_brand","embeddable":true,"href":"https:\/\/oasis179.shop\/en\/wp-json\/wp\/v2\/product_brand?post=229"},{"taxonomy":"product_cat","embeddable":true,"href":"https:\/\/oasis179.shop\/en\/wp-json\/wp\/v2\/product_cat?post=229"},{"taxonomy":"product_tag","embeddable":true,"href":"https:\/\/oasis179.shop\/en\/wp-json\/wp\/v2\/product_tag?post=229"}],"curies":[{"name":"wp","href":"https:\/\/api.w.org\/{rel}","templated":true}]}}