{"id":231,"date":"2025-10-03T23:33:38","date_gmt":"2025-10-03T23:33:38","guid":{"rendered":"https:\/\/oasis179.shop\/?post_type=product&#038;p=231"},"modified":"2025-10-10T01:01:59","modified_gmt":"2025-10-10T01:01:59","slug":"retrato-de-amadeo-modigliani-benjamin-coria-1916","status":"publish","type":"product","link":"https:\/\/oasis179.shop\/en\/product\/retrato-de-amadeo-modigliani-benjamin-coria-1916\/","title":{"rendered":"Retrato de Amadeo Modigliani &#8211; Benjam\u00edn Coria 1916"},"content":{"rendered":"<p>\u00d3leo sobre Cart\u00f3n. Firmado, creado en Londres.<\/p>","protected":false},"excerpt":{"rendered":"<p>\u00d3leo sobre Cart\u00f3n. Firmado, creado en Londres.<\/p>","protected":false},"featured_media":262,"template":"","meta":[],"product_brand":[],"product_cat":[48,17,52],"product_tag":[],"class_list":{"0":"post-231","1":"product","2":"type-product","3":"status-publish","4":"has-post-thumbnail","6":"product_cat-benjamin-coria","7":"product_cat-oil-painting","8":"product_cat-oleo-sobre-carton","10":"first","11":"instock","12":"taxable","13":"shipping-taxable","14":"purchasable","15":"product-type-simple"},"_links":{"self":[{"href":"https:\/\/oasis179.shop\/en\/wp-json\/wp\/v2\/product\/231","targetHints":{"allow":["GET"]}}],"collection":[{"href":"https:\/\/oasis179.shop\/en\/wp-json\/wp\/v2\/product"}],"about":[{"href":"https:\/\/oasis179.shop\/en\/wp-json\/wp\/v2\/types\/product"}],"wp:featuredmedia":[{"embeddable":true,"href":"https:\/\/oasis179.shop\/en\/wp-json\/wp\/v2\/media\/262"}],"wp:attachment":[{"href":"https:\/\/oasis179.shop\/en\/wp-json\/wp\/v2\/media?parent=231"}],"wp:term":[{"taxonomy":"product_brand","embeddable":true,"href":"https:\/\/oasis179.shop\/en\/wp-json\/wp\/v2\/product_brand?post=231"},{"taxonomy":"product_cat","embeddable":true,"href":"https:\/\/oasis179.shop\/en\/wp-json\/wp\/v2\/product_cat?post=231"},{"taxonomy":"product_tag","embeddable":true,"href":"https:\/\/oasis179.shop\/en\/wp-json\/wp\/v2\/product_tag?post=231"}],"curies":[{"name":"wp","href":"https:\/\/api.w.org\/{rel}","templated":true}]}}