{"id":232,"date":"2025-10-03T23:36:02","date_gmt":"2025-10-03T23:36:02","guid":{"rendered":"https:\/\/oasis179.shop\/?post_type=product&#038;p=232"},"modified":"2025-10-10T00:45:46","modified_gmt":"2025-10-10T00:45:46","slug":"nino-lector-benjamin-coria","status":"publish","type":"product","link":"https:\/\/oasis179.shop\/en\/product\/nino-lector-benjamin-coria\/","title":{"rendered":"Ni\u00f1o Lector &#8211; Benjam\u00edn Coria"},"content":{"rendered":"<p>\u00d3leo sobre tela. Sin firmar.<\/p>","protected":false},"excerpt":{"rendered":"<p>\u00d3leo sobre tela. Sin firmar.<\/p>","protected":false},"featured_media":263,"template":"","meta":[],"product_brand":[],"product_cat":[48,17,26],"product_tag":[],"class_list":{"0":"post-232","1":"product","2":"type-product","3":"status-publish","4":"has-post-thumbnail","6":"product_cat-benjamin-coria","7":"product_cat-oil-painting","8":"product_cat-oleo-sobre-tela","10":"first","11":"instock","12":"taxable","13":"shipping-taxable","14":"purchasable","15":"product-type-simple"},"_links":{"self":[{"href":"https:\/\/oasis179.shop\/en\/wp-json\/wp\/v2\/product\/232","targetHints":{"allow":["GET"]}}],"collection":[{"href":"https:\/\/oasis179.shop\/en\/wp-json\/wp\/v2\/product"}],"about":[{"href":"https:\/\/oasis179.shop\/en\/wp-json\/wp\/v2\/types\/product"}],"wp:featuredmedia":[{"embeddable":true,"href":"https:\/\/oasis179.shop\/en\/wp-json\/wp\/v2\/media\/263"}],"wp:attachment":[{"href":"https:\/\/oasis179.shop\/en\/wp-json\/wp\/v2\/media?parent=232"}],"wp:term":[{"taxonomy":"product_brand","embeddable":true,"href":"https:\/\/oasis179.shop\/en\/wp-json\/wp\/v2\/product_brand?post=232"},{"taxonomy":"product_cat","embeddable":true,"href":"https:\/\/oasis179.shop\/en\/wp-json\/wp\/v2\/product_cat?post=232"},{"taxonomy":"product_tag","embeddable":true,"href":"https:\/\/oasis179.shop\/en\/wp-json\/wp\/v2\/product_tag?post=232"}],"curies":[{"name":"wp","href":"https:\/\/api.w.org\/{rel}","templated":true}]}}