{"id":238,"date":"2025-10-03T23:39:46","date_gmt":"2025-10-03T23:39:46","guid":{"rendered":"https:\/\/oasis179.shop\/?post_type=product&#038;p=238"},"modified":"2025-10-07T23:39:22","modified_gmt":"2025-10-07T23:39:22","slug":"bodegon-uvas-benjamin-coria","status":"publish","type":"product","link":"https:\/\/oasis179.shop\/en\/product\/bodegon-uvas-benjamin-coria\/","title":{"rendered":"Bodeg\u00f3n uvas &#8211; Benjam\u00edn Coria"},"content":{"rendered":"<p>\u00d3leo sobre tela. Sin firma.<\/p>","protected":false},"excerpt":{"rendered":"<p>\u00d3leo sobre tela. Sin firma.<\/p>","protected":false},"featured_media":260,"template":"","meta":[],"product_brand":[],"product_cat":[48,17,26],"product_tag":[],"class_list":{"0":"post-238","1":"product","2":"type-product","3":"status-publish","4":"has-post-thumbnail","6":"product_cat-benjamin-coria","7":"product_cat-oil-painting","8":"product_cat-oleo-sobre-tela","10":"first","11":"instock","12":"taxable","13":"shipping-taxable","14":"purchasable","15":"product-type-simple"},"_links":{"self":[{"href":"https:\/\/oasis179.shop\/en\/wp-json\/wp\/v2\/product\/238","targetHints":{"allow":["GET"]}}],"collection":[{"href":"https:\/\/oasis179.shop\/en\/wp-json\/wp\/v2\/product"}],"about":[{"href":"https:\/\/oasis179.shop\/en\/wp-json\/wp\/v2\/types\/product"}],"wp:featuredmedia":[{"embeddable":true,"href":"https:\/\/oasis179.shop\/en\/wp-json\/wp\/v2\/media\/260"}],"wp:attachment":[{"href":"https:\/\/oasis179.shop\/en\/wp-json\/wp\/v2\/media?parent=238"}],"wp:term":[{"taxonomy":"product_brand","embeddable":true,"href":"https:\/\/oasis179.shop\/en\/wp-json\/wp\/v2\/product_brand?post=238"},{"taxonomy":"product_cat","embeddable":true,"href":"https:\/\/oasis179.shop\/en\/wp-json\/wp\/v2\/product_cat?post=238"},{"taxonomy":"product_tag","embeddable":true,"href":"https:\/\/oasis179.shop\/en\/wp-json\/wp\/v2\/product_tag?post=238"}],"curies":[{"name":"wp","href":"https:\/\/api.w.org\/{rel}","templated":true}]}}