{"id":250,"date":"2025-10-03T23:45:48","date_gmt":"2025-10-03T23:45:48","guid":{"rendered":"https:\/\/oasis179.shop\/?post_type=product&#038;p=250"},"modified":"2025-10-08T22:59:21","modified_gmt":"2025-10-08T22:59:21","slug":"judith-nina-benjamin-coria","status":"publish","type":"product","link":"https:\/\/oasis179.shop\/en\/product\/judith-nina-benjamin-coria\/","title":{"rendered":"Judith ni\u00f1a &#8211; Benjam\u00edn Coria"},"content":{"rendered":"<p>\u00d3leo sobre papel. Sin firma.<\/p>","protected":false},"excerpt":{"rendered":"<p>\u00d3leo sobre papel. Sin firma.<\/p>","protected":false},"featured_media":283,"template":"","meta":[],"product_brand":[],"product_cat":[48,17,54],"product_tag":[],"class_list":{"0":"post-250","1":"product","2":"type-product","3":"status-publish","4":"has-post-thumbnail","6":"product_cat-benjamin-coria","7":"product_cat-oil-painting","8":"product_cat-oleo-sobre-papel","10":"first","11":"instock","12":"taxable","13":"shipping-taxable","14":"purchasable","15":"product-type-simple"},"_links":{"self":[{"href":"https:\/\/oasis179.shop\/en\/wp-json\/wp\/v2\/product\/250","targetHints":{"allow":["GET"]}}],"collection":[{"href":"https:\/\/oasis179.shop\/en\/wp-json\/wp\/v2\/product"}],"about":[{"href":"https:\/\/oasis179.shop\/en\/wp-json\/wp\/v2\/types\/product"}],"wp:featuredmedia":[{"embeddable":true,"href":"https:\/\/oasis179.shop\/en\/wp-json\/wp\/v2\/media\/283"}],"wp:attachment":[{"href":"https:\/\/oasis179.shop\/en\/wp-json\/wp\/v2\/media?parent=250"}],"wp:term":[{"taxonomy":"product_brand","embeddable":true,"href":"https:\/\/oasis179.shop\/en\/wp-json\/wp\/v2\/product_brand?post=250"},{"taxonomy":"product_cat","embeddable":true,"href":"https:\/\/oasis179.shop\/en\/wp-json\/wp\/v2\/product_cat?post=250"},{"taxonomy":"product_tag","embeddable":true,"href":"https:\/\/oasis179.shop\/en\/wp-json\/wp\/v2\/product_tag?post=250"}],"curies":[{"name":"wp","href":"https:\/\/api.w.org\/{rel}","templated":true}]}}