{"id":90,"date":"2025-04-01T15:28:41","date_gmt":"2025-04-01T15:28:41","guid":{"rendered":"https:\/\/oasis179.shop\/?post_type=product&#038;p=90"},"modified":"2025-05-22T00:03:21","modified_gmt":"2025-05-22T00:03:21","slug":"2","status":"publish","type":"product","link":"https:\/\/oasis179.shop\/en\/product\/2\/","title":{"rendered":"Ni\u00f1a con ma\u00edz (Apache) &#8211; Guadalupe Apodaca"},"content":{"rendered":"<p>\u00d3leo sobre tela.<\/p>","protected":false},"excerpt":{"rendered":"<p>\u00d3leo sobre tela.<\/p>","protected":false},"featured_media":91,"template":"","meta":[],"product_brand":[],"product_cat":[35,17,26,30,31],"product_tag":[],"class_list":{"0":"post-90","1":"product","2":"type-product","3":"status-publish","4":"has-post-thumbnail","6":"product_cat-guadalupe-apodaca","7":"product_cat-oil-painting","8":"product_cat-oleo-sobre-tela","9":"product_cat-painting","10":"product_cat-pintura","12":"first","13":"instock","14":"taxable","15":"shipping-taxable","16":"purchasable","17":"product-type-simple"},"_links":{"self":[{"href":"https:\/\/oasis179.shop\/en\/wp-json\/wp\/v2\/product\/90","targetHints":{"allow":["GET"]}}],"collection":[{"href":"https:\/\/oasis179.shop\/en\/wp-json\/wp\/v2\/product"}],"about":[{"href":"https:\/\/oasis179.shop\/en\/wp-json\/wp\/v2\/types\/product"}],"wp:featuredmedia":[{"embeddable":true,"href":"https:\/\/oasis179.shop\/en\/wp-json\/wp\/v2\/media\/91"}],"wp:attachment":[{"href":"https:\/\/oasis179.shop\/en\/wp-json\/wp\/v2\/media?parent=90"}],"wp:term":[{"taxonomy":"product_brand","embeddable":true,"href":"https:\/\/oasis179.shop\/en\/wp-json\/wp\/v2\/product_brand?post=90"},{"taxonomy":"product_cat","embeddable":true,"href":"https:\/\/oasis179.shop\/en\/wp-json\/wp\/v2\/product_cat?post=90"},{"taxonomy":"product_tag","embeddable":true,"href":"https:\/\/oasis179.shop\/en\/wp-json\/wp\/v2\/product_tag?post=90"}],"curies":[{"name":"wp","href":"https:\/\/api.w.org\/{rel}","templated":true}]}}