{"id":99,"date":"2025-04-01T15:31:56","date_gmt":"2025-04-01T15:31:56","guid":{"rendered":"https:\/\/oasis179.shop\/?post_type=product&#038;p=99"},"modified":"2025-05-21T23:55:56","modified_gmt":"2025-05-21T23:55:56","slug":"5","status":"publish","type":"product","link":"https:\/\/oasis179.shop\/en\/product\/5\/","title":{"rendered":"Caf\u00e9 Taco &#8211; Gregorio Ram\u00edrez"},"content":{"rendered":"<p>Acr\u00edlico sobre tela.<\/p>","protected":false},"excerpt":{"rendered":"<p>Acr\u00edlico sobre tela.<\/p>","protected":false},"featured_media":100,"template":"","meta":[],"product_brand":[],"product_cat":[27,28,34,30,31],"product_tag":[],"class_list":{"0":"post-99","1":"product","2":"type-product","3":"status-publish","4":"has-post-thumbnail","6":"product_cat-acrilico-sobre-tela","7":"product_cat-acrylic-painting","8":"product_cat-gregorio-ramirez","9":"product_cat-painting","10":"product_cat-pintura","12":"first","13":"instock","14":"taxable","15":"shipping-taxable","16":"purchasable","17":"product-type-simple"},"_links":{"self":[{"href":"https:\/\/oasis179.shop\/en\/wp-json\/wp\/v2\/product\/99","targetHints":{"allow":["GET"]}}],"collection":[{"href":"https:\/\/oasis179.shop\/en\/wp-json\/wp\/v2\/product"}],"about":[{"href":"https:\/\/oasis179.shop\/en\/wp-json\/wp\/v2\/types\/product"}],"wp:featuredmedia":[{"embeddable":true,"href":"https:\/\/oasis179.shop\/en\/wp-json\/wp\/v2\/media\/100"}],"wp:attachment":[{"href":"https:\/\/oasis179.shop\/en\/wp-json\/wp\/v2\/media?parent=99"}],"wp:term":[{"taxonomy":"product_brand","embeddable":true,"href":"https:\/\/oasis179.shop\/en\/wp-json\/wp\/v2\/product_brand?post=99"},{"taxonomy":"product_cat","embeddable":true,"href":"https:\/\/oasis179.shop\/en\/wp-json\/wp\/v2\/product_cat?post=99"},{"taxonomy":"product_tag","embeddable":true,"href":"https:\/\/oasis179.shop\/en\/wp-json\/wp\/v2\/product_tag?post=99"}],"curies":[{"name":"wp","href":"https:\/\/api.w.org\/{rel}","templated":true}]}}